{"id":2020,"date":"2021-11-14T11:46:27","date_gmt":"2021-11-14T10:46:27","guid":{"rendered":"https:\/\/server462349.nazwa.pl\/wordpress\/wpn_p309bip\/?page_id=2020"},"modified":"2026-03-31T09:57:42","modified_gmt":"2026-03-31T07:57:42","slug":"deklaracja-dostepnosci","status":"publish","type":"page","link":"http:\/\/bip.zspkozmin.pl\/?page_id=2020","title":{"rendered":"Deklaracja dost\u0119pno\u015bci"},"content":{"rendered":"<p style=\"text-align: center;\">Koordynator dost\u0119pno\u015bci &#8211; Maciej Kotecki tel. 62 7 216 828 w. 20<\/p>\n<p><a href=\"http:\/\/bip.zspkozmin.pl\/wp-content\/uploads\/2026\/03\/Deklaracja-dostepnosci-2026.docx\">Deklaracja dost\u0119pno\u015bci 2026<\/a><\/p>\n<p><a href=\"http:\/\/bip.zspkozmin.pl\/wp-content\/uploads\/2025\/04\/raport-dostepnosc-ZSP-Kozmin-2025.pdf\">raport dost\u0119pno\u015b\u0107 ZSP Ko\u017amin 2025<\/a><\/p>\n<p>&nbsp;<\/p>\n","protected":false},"excerpt":{"rendered":"<p>Koordynator dost\u0119pno\u015bci &#8211; Maciej Kotecki tel. 62 7 216 828 w. 20 Deklaracja dost\u0119pno\u015bci 2026 raport dost\u0119pno\u015b\u0107 ZSP Ko\u017amin 2025 &nbsp;<\/p>\n","protected":false},"author":1,"featured_media":0,"parent":0,"menu_order":0,"comment_status":"closed","ping_status":"closed","template":"","meta":{"footnotes":""},"class_list":["post-2020","page","type-page","status-publish","hentry"],"yoast_head":"<!-- This site is optimized with the Yoast SEO plugin v24.0 - https:\/\/yoast.com\/wordpress\/plugins\/seo\/ -->\n<title>Deklaracja dost\u0119pno\u015bci - ZSP Ko\u017amin - BIP<\/title>\n<meta name=\"robots\" content=\"index, follow, max-snippet:-1, max-image-preview:large, max-video-preview:-1\" \/>\n<link rel=\"canonical\" href=\"http:\/\/bip.zspkozmin.pl\/?page_id=2020\" \/>\n<meta property=\"og:locale\" content=\"pl_PL\" \/>\n<meta property=\"og:type\" content=\"article\" \/>\n<meta property=\"og:title\" content=\"Deklaracja dost\u0119pno\u015bci - ZSP Ko\u017amin - BIP\" \/>\n<meta property=\"og:description\" content=\"Koordynator dost\u0119pno\u015bci &#8211; Maciej Kotecki tel. 62 7 216 828 w. 20 Deklaracja dost\u0119pno\u015bci 2026 raport dost\u0119pno\u015b\u0107 ZSP Ko\u017amin 2025 &nbsp;\" \/>\n<meta property=\"og:url\" content=\"http:\/\/bip.zspkozmin.pl\/?page_id=2020\" \/>\n<meta property=\"og:site_name\" content=\"ZSP Ko\u017amin - BIP\" \/>\n<meta property=\"article:modified_time\" content=\"2026-03-31T07:57:42+00:00\" \/>\n<meta name=\"twitter:card\" content=\"summary_large_image\" \/>\n<meta name=\"twitter:label1\" content=\"Szacowany czas czytania\" \/>\n\t<meta name=\"twitter:data1\" content=\"1 minuta\" \/>\n<script type=\"application\/ld+json\" class=\"yoast-schema-graph\">{\"@context\":\"https:\/\/schema.org\",\"@graph\":[{\"@type\":\"WebPage\",\"@id\":\"http:\/\/bip.zspkozmin.pl\/?page_id=2020\",\"url\":\"http:\/\/bip.zspkozmin.pl\/?page_id=2020\",\"name\":\"Deklaracja dost\u0119pno\u015bci - ZSP Ko\u017amin - BIP\",\"isPartOf\":{\"@id\":\"http:\/\/bip.zspkozmin.pl\/#website\"},\"datePublished\":\"2021-11-14T10:46:27+00:00\",\"dateModified\":\"2026-03-31T07:57:42+00:00\",\"breadcrumb\":{\"@id\":\"http:\/\/bip.zspkozmin.pl\/?page_id=2020#breadcrumb\"},\"inLanguage\":\"pl-PL\",\"potentialAction\":[{\"@type\":\"ReadAction\",\"target\":[\"http:\/\/bip.zspkozmin.pl\/?page_id=2020\"]}]},{\"@type\":\"BreadcrumbList\",\"@id\":\"http:\/\/bip.zspkozmin.pl\/?page_id=2020#breadcrumb\",\"itemListElement\":[{\"@type\":\"ListItem\",\"position\":1,\"name\":\"Home\",\"item\":\"http:\/\/bip.zspkozmin.pl\/\"},{\"@type\":\"ListItem\",\"position\":2,\"name\":\"Deklaracja dost\u0119pno\u015bci\"}]},{\"@type\":\"WebSite\",\"@id\":\"http:\/\/bip.zspkozmin.pl\/#website\",\"url\":\"http:\/\/bip.zspkozmin.pl\/\",\"name\":\"ZSP Ko\u017amin - BIP\",\"description\":\"Strona BIP\",\"potentialAction\":[{\"@type\":\"SearchAction\",\"target\":{\"@type\":\"EntryPoint\",\"urlTemplate\":\"http:\/\/bip.zspkozmin.pl\/?s={search_term_string}\"},\"query-input\":{\"@type\":\"PropertyValueSpecification\",\"valueRequired\":true,\"valueName\":\"search_term_string\"}}],\"inLanguage\":\"pl-PL\"}]}<\/script>\n<!-- \/ Yoast SEO plugin. -->","yoast_head_json":{"title":"Deklaracja dost\u0119pno\u015bci - ZSP Ko\u017amin - BIP","robots":{"index":"index","follow":"follow","max-snippet":"max-snippet:-1","max-image-preview":"max-image-preview:large","max-video-preview":"max-video-preview:-1"},"canonical":"http:\/\/bip.zspkozmin.pl\/?page_id=2020","og_locale":"pl_PL","og_type":"article","og_title":"Deklaracja dost\u0119pno\u015bci - ZSP Ko\u017amin - BIP","og_description":"Koordynator dost\u0119pno\u015bci &#8211; Maciej Kotecki tel. 62 7 216 828 w. 20 Deklaracja dost\u0119pno\u015bci 2026 raport dost\u0119pno\u015b\u0107 ZSP Ko\u017amin 2025 &nbsp;","og_url":"http:\/\/bip.zspkozmin.pl\/?page_id=2020","og_site_name":"ZSP Ko\u017amin - BIP","article_modified_time":"2026-03-31T07:57:42+00:00","twitter_card":"summary_large_image","twitter_misc":{"Szacowany czas czytania":"1 minuta"},"schema":{"@context":"https:\/\/schema.org","@graph":[{"@type":"WebPage","@id":"http:\/\/bip.zspkozmin.pl\/?page_id=2020","url":"http:\/\/bip.zspkozmin.pl\/?page_id=2020","name":"Deklaracja dost\u0119pno\u015bci - ZSP Ko\u017amin - BIP","isPartOf":{"@id":"http:\/\/bip.zspkozmin.pl\/#website"},"datePublished":"2021-11-14T10:46:27+00:00","dateModified":"2026-03-31T07:57:42+00:00","breadcrumb":{"@id":"http:\/\/bip.zspkozmin.pl\/?page_id=2020#breadcrumb"},"inLanguage":"pl-PL","potentialAction":[{"@type":"ReadAction","target":["http:\/\/bip.zspkozmin.pl\/?page_id=2020"]}]},{"@type":"BreadcrumbList","@id":"http:\/\/bip.zspkozmin.pl\/?page_id=2020#breadcrumb","itemListElement":[{"@type":"ListItem","position":1,"name":"Home","item":"http:\/\/bip.zspkozmin.pl\/"},{"@type":"ListItem","position":2,"name":"Deklaracja dost\u0119pno\u015bci"}]},{"@type":"WebSite","@id":"http:\/\/bip.zspkozmin.pl\/#website","url":"http:\/\/bip.zspkozmin.pl\/","name":"ZSP Ko\u017amin - BIP","description":"Strona BIP","potentialAction":[{"@type":"SearchAction","target":{"@type":"EntryPoint","urlTemplate":"http:\/\/bip.zspkozmin.pl\/?s={search_term_string}"},"query-input":{"@type":"PropertyValueSpecification","valueRequired":true,"valueName":"search_term_string"}}],"inLanguage":"pl-PL"}]}},"_links":{"self":[{"href":"http:\/\/bip.zspkozmin.pl\/index.php?rest_route=\/wp\/v2\/pages\/2020","targetHints":{"allow":["GET"]}}],"collection":[{"href":"http:\/\/bip.zspkozmin.pl\/index.php?rest_route=\/wp\/v2\/pages"}],"about":[{"href":"http:\/\/bip.zspkozmin.pl\/index.php?rest_route=\/wp\/v2\/types\/page"}],"author":[{"embeddable":true,"href":"http:\/\/bip.zspkozmin.pl\/index.php?rest_route=\/wp\/v2\/users\/1"}],"replies":[{"embeddable":true,"href":"http:\/\/bip.zspkozmin.pl\/index.php?rest_route=%2Fwp%2Fv2%2Fcomments&post=2020"}],"version-history":[{"count":10,"href":"http:\/\/bip.zspkozmin.pl\/index.php?rest_route=\/wp\/v2\/pages\/2020\/revisions"}],"predecessor-version":[{"id":2736,"href":"http:\/\/bip.zspkozmin.pl\/index.php?rest_route=\/wp\/v2\/pages\/2020\/revisions\/2736"}],"wp:attachment":[{"href":"http:\/\/bip.zspkozmin.pl\/index.php?rest_route=%2Fwp%2Fv2%2Fmedia&parent=2020"}],"curies":[{"name":"wp","href":"https:\/\/api.w.org\/{rel}","templated":true}]}}